{"id":138,"date":"2017-06-07T09:54:54","date_gmt":"2017-06-07T08:54:54","guid":{"rendered":"https:\/\/abc-dent.info\/wp\/?page_id=138"},"modified":"2020-03-04T22:43:10","modified_gmt":"2020-03-04T21:43:10","slug":"contatto","status":"publish","type":"page","link":"https:\/\/abc-dent.info\/wp\/it\/contatto\/","title":{"rendered":"Contatto"},"content":{"rendered":"<div id=\"modal-ready\"><p><strong><big>STUDIO DENTISTICO \u00b7 \u00a0Ariana Crni\u0107 Ba\u010di\u0107,dr.medico dentista<\/big><\/strong><\/p>\n<p><big>Novakova 22A<\/big><br \/>\n<big>21000 Split<\/big><br \/>\n<big>tel.:<a class=\"tel\" href=\"tel:+3852178162\">\u00a0+385(0)21 781 629<\/a><\/big><br \/>\n<big>mob:<a class=\"tel\" href=\"tel:+385917551289\"> +385(0)91 755 1289<\/a><\/big><br \/>\n<big>E-mail:<a class=\"tel\" href=\"mailto:arianacrnic@yahoo.com\"> arianacrnic@yahoo.com<\/a><\/big><\/p>\n<p>&nbsp;<\/p>\n<h2>Posizione:<\/h2>\n<p><iframe loading=\"lazy\" src=\"https:\/\/www.google.com\/maps\/embed?pb=!1m18!1m12!1m3!1d2893.3847166491882!2d16.459967815719725!3d43.5151695693629!2m3!1f0!2f0!3f0!3m2!1i1024!2i768!4f13.1!3m3!1m2!1s0x13355e1669b0de4d%3A0x407cb32fce047bf4!2sStomatolo%C5%A1ka%20ordinacija%20Ariana%20Crni%C4%87%20Ba%C4%8Di%C4%87%2C%20Dr.%20med.dent.%20-%20Abc%20Dent!5e0!3m2!1shr!2shr!4v1583357933603!5m2!1shr!2shr\" width=\"900\" height=\"550\" frameborder=\"0\" style=\"border:0;\" allowfullscreen=\"\"><\/iframe><\/p>\n<p>&nbsp;<\/p>\n<footer><\/footer>\n<\/div>","protected":false},"excerpt":{"rendered":"<p>STUDIO DENTISTICO \u00b7 \u00a0Ariana Crni\u0107 Ba\u010di\u0107,dr.medico dentista Novakova 22A 21000 Split tel.:\u00a0+385(0)21 781 629 mob: +385(0)91 755 1289 E-mail: arianacrnic@yahoo.com &nbsp; Posizione: &nbsp;<\/p>\n","protected":false},"author":1,"featured_media":42,"parent":0,"menu_order":0,"comment_status":"closed","ping_status":"closed","template":"","meta":{"footnotes":""},"_links":{"self":[{"href":"https:\/\/abc-dent.info\/wp\/wp-json\/wp\/v2\/pages\/138"}],"collection":[{"href":"https:\/\/abc-dent.info\/wp\/wp-json\/wp\/v2\/pages"}],"about":[{"href":"https:\/\/abc-dent.info\/wp\/wp-json\/wp\/v2\/types\/page"}],"author":[{"embeddable":true,"href":"https:\/\/abc-dent.info\/wp\/wp-json\/wp\/v2\/users\/1"}],"replies":[{"embeddable":true,"href":"https:\/\/abc-dent.info\/wp\/wp-json\/wp\/v2\/comments?post=138"}],"version-history":[{"count":4,"href":"https:\/\/abc-dent.info\/wp\/wp-json\/wp\/v2\/pages\/138\/revisions"}],"predecessor-version":[{"id":553,"href":"https:\/\/abc-dent.info\/wp\/wp-json\/wp\/v2\/pages\/138\/revisions\/553"}],"wp:featuredmedia":[{"embeddable":true,"href":"https:\/\/abc-dent.info\/wp\/wp-json\/wp\/v2\/media\/42"}],"wp:attachment":[{"href":"https:\/\/abc-dent.info\/wp\/wp-json\/wp\/v2\/media?parent=138"}],"curies":[{"name":"wp","href":"https:\/\/api.w.org\/{rel}","templated":true}]}}